{"id":21,"date":"2024-10-25T21:40:15","date_gmt":"2024-10-25T19:40:15","guid":{"rendered":"https:\/\/www.novotnalenka.cz\/?page_id=21"},"modified":"2024-10-25T21:40:15","modified_gmt":"2024-10-25T19:40:15","slug":"o-hypnoterapii","status":"publish","type":"page","link":"https:\/\/www.novotnalenka.cz\/?page_id=21","title":{"rendered":"O hypnoterapii"},"content":{"rendered":"\n<p>Hypn\u00f3za je zm\u011bn\u011bn\u00fd stav v\u011bdom\u00ed, kter\u00fd je mo\u017en\u00e9 terapeuticky vyu\u017e\u00edt. Pomoc\u00ed hypn\u00f3zy m\u016f\u017eeme oslovit hlub\u0161\u00ed struktury mozku, kter\u00e9 nejsou p\u0159\u00edstupny na\u0161emu pln\u00e9mu v\u011bdom\u00ed, psychologicky popsan\u00e9 jako podv\u011bdom\u00ed. Pokud na\u0161e mysl vyu\u017eila svoje obrann\u00e9 mechanismy a p\u0159\u00edli\u0161 traumatick\u00e9 z\u00e1\u017eitky a emoce ulo\u017eila mimo p\u0159\u00edstup na\u0161eho v\u011bdom\u00ed, m\u016f\u017ee se st\u00e1t, \u017ee se opakovan\u011b st\u00e1v\u00e1, \u017ee z nevysv\u011btliteln\u00fdch d\u016fvod\u016f c\u00edt\u00edme vztek, smutek, bolest \u010di poruchu hybnosti bez nalezen\u00e9 t\u011blesn\u00e9 p\u0159\u00ed\u010diny. Pomoc\u00ed hypn\u00f3zy lze takov\u00e9 stavy \u00fasp\u011b\u0161n\u011b l\u00e9\u010dit. K l\u00e9\u010db\u011b se pou\u017e\u00edvaj\u00ed l\u00e9\u010debn\u00e9 sugesce terapeuta, kter\u00fd je v tomto sm\u011bru vy\u0161kolen. Pokud chcete vyu\u017e\u00edt l\u00e9\u010divou s\u00edlu hypn\u00f3zy, volte v\u017edy terapeuta s certifikovan\u00fdm v\u00fdcvikem v l\u00e9\u010debn\u00e9 hypnoterapii. Hypn\u00f3za veden\u00e1 pouli\u010dn\u00edm hypnotiz\u00e9rem m\u016f\u017ee u\u0161kodit.<\/p>\n\n\n\n<p>Nen\u00ed pravda, \u017ee si \u010dlov\u011bk z hypn\u00f3zy nikdy nic nepamatuje, \u017ee nesly\u0161\u00ed hlas hypnotiz\u00e9ra, \u017ee je zcela v jeho vlivu a m\u016f\u017ee b\u00fdt donucen k \u010demukoli. Takt\u00e9\u017e nen\u00ed mo\u017eno z\u016fstat \u201ezaseknut v hypn\u00f3ze\u201c. K navozen\u00ed hypnotick\u00e9ho transu se pou\u017e\u00edv\u00e1 zejm\u00e9na hlas psychoterapeuta.<\/p>\n\n\n\n<p>Sugesce se jako l\u00e9\u010debn\u00e1 technika pou\u017e\u00edvala v d\u011bjin\u00e1ch lidstva oded\u00e1vna. Na principu sugesce pravd\u011bpodobn\u011b fungovaly prastar\u00e9 \u0161amansk\u00e9 techniky. Sugesce a zejm\u00e9na hypn\u00f3za st\u00e1la i na po\u010d\u00e1tku modern\u00ed psychoterapie. Otec modern\u00ed psychoterapie Sigmund Freud s hypn\u00f3zou za\u010d\u00ednal, pozd\u011bji ji v\u0161ak opustil a vytvo\u0159il vlastn\u00ed metodu voln\u00fdch asociac\u00ed. Mezi sugestivn\u00ed techniky pat\u0159\u00ed i b\u011b\u017en\u011b vyu\u017e\u00edvan\u00fd autogenn\u00ed tr\u00e9nink a imaginace.<\/p>\n\n\n\n<p>Jako hypnoterapeut pracuji od roku 2018. M\u00e1m vzd\u011bl\u00e1n\u00ed v klasick\u00e9 klinick\u00e9 hypn\u00f3ze i nedirektivn\u00ed komunika\u010dn\u00ed hypn\u00f3ze podle Miltona H. Ericsona. Hypnoterapii u\u017e\u00edv\u00e1m jako p\u0159\u00eddatnou techniku ke klasick\u00e9 psychoterapii, pokud je indikovan\u00e1.<\/p>\n\n\n\n<p>Cena hypnoterapie je stejn\u00e1 jako u psychoterapeutick\u00e9ho sezen\u00ed, tedy 900 K\u010d za 60 minut terapie.<\/p>\n","protected":false},"excerpt":{"rendered":"<p>Hypn\u00f3za je zm\u011bn\u011bn\u00fd stav v\u011bdom\u00ed, kter\u00fd je mo\u017en\u00e9 terapeuticky vyu\u017e\u00edt. Pomoc\u00ed hypn\u00f3zy m\u016f\u017eeme oslovit hlub\u0161\u00ed struktury mozku, kter\u00e9 nejsou p\u0159\u00edstupny na\u0161emu pln\u00e9mu v\u011bdom\u00ed, psychologicky popsan\u00e9 jako podv\u011bdom\u00ed. Pokud na\u0161e mysl vyu\u017eila svoje obrann\u00e9 mechanismy a p\u0159\u00edli\u0161 traumatick\u00e9 z\u00e1\u017eitky a emoce&#8230; <a class=\"more-link\" href=\"https:\/\/www.novotnalenka.cz\/?page_id=21\">Pokra\u010dovat ve \u010dten\u00ed &rarr;<\/a><\/p>\n","protected":false},"author":1,"featured_media":0,"parent":0,"menu_order":0,"comment_status":"closed","ping_status":"closed","template":"","meta":{"footnotes":""},"class_list":["post-21","page","type-page","status-publish","hentry"],"_links":{"self":[{"href":"https:\/\/www.novotnalenka.cz\/index.php?rest_route=\/wp\/v2\/pages\/21","targetHints":{"allow":["GET"]}}],"collection":[{"href":"https:\/\/www.novotnalenka.cz\/index.php?rest_route=\/wp\/v2\/pages"}],"about":[{"href":"https:\/\/www.novotnalenka.cz\/index.php?rest_route=\/wp\/v2\/types\/page"}],"author":[{"embeddable":true,"href":"https:\/\/www.novotnalenka.cz\/index.php?rest_route=\/wp\/v2\/users\/1"}],"replies":[{"embeddable":true,"href":"https:\/\/www.novotnalenka.cz\/index.php?rest_route=%2Fwp%2Fv2%2Fcomments&post=21"}],"version-history":[{"count":1,"href":"https:\/\/www.novotnalenka.cz\/index.php?rest_route=\/wp\/v2\/pages\/21\/revisions"}],"predecessor-version":[{"id":22,"href":"https:\/\/www.novotnalenka.cz\/index.php?rest_route=\/wp\/v2\/pages\/21\/revisions\/22"}],"wp:attachment":[{"href":"https:\/\/www.novotnalenka.cz\/index.php?rest_route=%2Fwp%2Fv2%2Fmedia&parent=21"}],"curies":[{"name":"wp","href":"https:\/\/api.w.org\/{rel}","templated":true}]}}